{"id":1328,"date":"2025-03-14T17:12:12","date_gmt":"2025-03-14T15:12:12","guid":{"rendered":"https:\/\/villarusne.lt\/?page_id=1328"},"modified":"2026-04-20T20:59:45","modified_gmt":"2026-04-20T18:59:45","slug":"karjera","status":"publish","type":"page","link":"https:\/\/villarusne.lt\/en\/karjera\/","title":{"rendered":"KARJERA"},"content":{"rendered":"\n<p><\/p>\n\n\n\n<figure class=\"wp-block-table\">\n<table class=\"has-fixed-layout\" style=\"border-collapse: collapse;\">\n<tbody>\n<tr>\n<td class=\"has-text-align-center\" data-align=\"center\">\n<h2><span style=\"color: #000000;\"><strong>IE\u0160KOME NAUJ\u0172 KOMANDOS NARI\u0172 2026 MET\u0172 SEZONUI:<\/strong><\/span><\/h2>\n<p><br \/><span style=\"color: #000000;\">&#8211; Vir\u0117j\u0173 <strong><a style=\"color: #000000;\" href=\"https:\/\/villarusne.lt\/wp-content\/uploads\/2026\/03\/Virejas-a.pdf\">(pozicijos apra\u0161ymas)<\/a><\/strong> <\/span><br \/><span style=\"color: #000000;\">&#8211; Padav\u0117j\u0173 <strong><a style=\"color: #000000;\" href=\"https:\/\/villarusne.lt\/wp-content\/uploads\/2026\/03\/Padavejas-a-.pdf\">(pozicijos apra\u0161ymas)<\/a><\/strong> <\/span><br \/><span style=\"color: #000000;\">&#8211; Pagalbini\u0173 darbuotoj\u0173 virtuv\u0117je <strong><a style=\"color: #000000;\" href=\"https:\/\/villarusne.lt\/wp-content\/uploads\/2026\/03\/Pagalbinis-virtuves-darbuotojas.pdf\">(pozicijos apra\u0161ymas)<\/a><\/strong> <\/span><br \/><span style=\"color: #000000;\">&#8211; Ind\u0173 plov\u0117jos \/ tvarkytojos <strong><a style=\"color: #000000;\" href=\"https:\/\/villarusne.lt\/wp-content\/uploads\/2026\/03\/Tvarkytojas-a.pdf\">(pozicijos apra\u0161ymas)<\/a><br \/>&#8211;<\/strong> <span class=\"a_GcMg font-feature-liga-off font-feature-clig-off font-feature-calt-off text-decoration-none text-strikethrough-none\">Sodybos veiklos koordinatorius (-\u0117) <\/span><strong><span class=\"a_GcMg font-feature-liga-off font-feature-clig-off font-feature-calt-off text-decoration-none text-strikethrough-none\"><a style=\"color: #000000;\" href=\"https:\/\/villarusne.lt\/wp-content\/uploads\/2026\/04\/SODYBOS-VEIKLOS-KOORDINATORIUS-E.pdf\">(pozicijos apra\u0161ymas)<\/a><\/span><\/strong><\/span><br \/><span style=\"color: #000000;\"><strong>Darbo prad\u017eia: 2026 m. Gegu\u017e\u0117-Bir\u017eelis<\/strong><\/span><br \/><br \/><span style=\"color: #000000;\">Jei esi darb\u0161ti (-us), lengvai bendraujanti (-is) bei gerai dirbi komandoje \u2013 lauksime tavo parai\u0161kos. <\/span><br \/><br \/><span style=\"color: #000000;\"><strong>JEI NOR\u0116TUM\u0116TE DIRBTI PAS MUS, PRA\u0160OME U\u017dPILDYTI DARBO PARAI\u0160K\u0104:<\/strong> <\/span><br \/><span style=\"color: #ff0000;\"><strong><a style=\"color: #ff0000;\" href=\"https:\/\/aiste.aidaform.com\/free-free-job-application-form\">SPAUSTI<\/a> <a style=\"color: #ff0000;\" href=\"https:\/\/aiste.aidaform.com\/free-free-job-application-form\">\u010cIA.<\/a><\/strong><\/span><\/p>\n<p><br \/><span style=\"color: #000000;\"><strong>D\u0117l sodybos veiklos koordinatoriaus (\u0117) pozicijos, pra\u0161ome u\u017epildyti darbo parai\u0161k\u0105, bei atsi\u0173sti savo CV: <a style=\"color: #000000;\" href=\"mailto:vingaile@villarusne.lt\">vingaile@villarusne.lt<\/a><\/strong><\/span><\/p>\n<\/td>\n<\/tr>\n<\/tbody>\n<\/table>\n<\/figure>\n<p>\u00a0<\/p>\n","protected":false},"excerpt":{"rendered":"<p>IE\u0160KOME NAUJ\u0172 KOMANDOS NARI\u0172 2026 MET\u0172 SEZONUI: &#8211; Vir\u0117j\u0173 (pozicijos apra\u0161ymas) &#8211; Padav\u0117j\u0173 (pozicijos apra\u0161ymas) &#8211; Pagalbini\u0173 darbuotoj\u0173 virtuv\u0117je (pozicijos apra\u0161ymas) &#8211; Ind\u0173 plov\u0117jos \/ tvarkytojos (pozicijos apra\u0161ymas)&#8211; Sodybos veiklos \u2026<\/p>\n","protected":false},"author":2,"featured_media":1027,"parent":0,"menu_order":0,"comment_status":"closed","ping_status":"closed","template":"","meta":{"footnotes":""},"class_list":["post-1328","page","type-page","status-publish","has-post-thumbnail","hentry"],"_links":{"self":[{"href":"https:\/\/villarusne.lt\/en\/wp-json\/wp\/v2\/pages\/1328","targetHints":{"allow":["GET"]}}],"collection":[{"href":"https:\/\/villarusne.lt\/en\/wp-json\/wp\/v2\/pages"}],"about":[{"href":"https:\/\/villarusne.lt\/en\/wp-json\/wp\/v2\/types\/page"}],"author":[{"embeddable":true,"href":"https:\/\/villarusne.lt\/en\/wp-json\/wp\/v2\/users\/2"}],"replies":[{"embeddable":true,"href":"https:\/\/villarusne.lt\/en\/wp-json\/wp\/v2\/comments?post=1328"}],"version-history":[{"count":30,"href":"https:\/\/villarusne.lt\/en\/wp-json\/wp\/v2\/pages\/1328\/revisions"}],"predecessor-version":[{"id":1412,"href":"https:\/\/villarusne.lt\/en\/wp-json\/wp\/v2\/pages\/1328\/revisions\/1412"}],"wp:featuredmedia":[{"embeddable":true,"href":"https:\/\/villarusne.lt\/en\/wp-json\/wp\/v2\/media\/1027"}],"wp:attachment":[{"href":"https:\/\/villarusne.lt\/en\/wp-json\/wp\/v2\/media?parent=1328"}],"curies":[{"name":"wp","href":"https:\/\/api.w.org\/{rel}","templated":true}]}}